{"id":8,"date":"2017-06-17T06:40:06","date_gmt":"2017-06-17T06:40:06","guid":{"rendered":"http:\/\/atxclients.com\/internationalliq\/?page_id=8"},"modified":"2020-07-27T14:35:39","modified_gmt":"2020-07-27T14:35:39","slug":"about-us","status":"publish","type":"page","link":"https:\/\/intliquidation.com\/es\/about-us\/","title":{"rendered":"ABOUT US"},"content":{"rendered":"<div class=\"wpb-content-wrapper\"><div data-mkdf-parallax-speed=\"1\" class=\"vc_row wpb_row vc_row-fluid mkdf-section sell-to-us-sec mkdf-content-aligment-center\" style=\"\"><div class=\"clearfix mkdf-full-section-inner\"><div class=\"heading-center wpb_column vc_column_container vc_col-sm-12\"><div class=\"vc_column-inner\"><div class=\"wpb_wrapper\"><div class=\"mkdf-section-title-holder\">\n\t<h2 class=\"mkdf-section-title\" >Nuestra Historia<\/h2>\n<\/div><div class=\"mkdf-separator-holder clearfix  mkdf-separator-center\">\n\t<div class=\"mkdf-separator\" style=\"border-color: #eb0c0f;border-style: solid;width: 56px;border-bottom-width: 2px;margin-top: 10px;margin-bottom: 20px\"><\/div>\n<\/div>\n\n\t<div class=\"wpb_text_column wpb_content_element vc_custom_1595860518021 align-left\" >\n\t\t<div class=\"wpb_wrapper\">\n\t\t\t<p>Ubicada en Austin, Texas, International Liquidation, Inc. (\"ILI\"), abri\u00f3 sus puertas en 1993 y se ha establecido como uno de los mayoristas y compradores de liquidaci\u00f3n m\u00e1s grandes y respetados del mundo. ILI se especializa en la compra y venta de inventarios que est\u00e1n disponibles debido a la sobreproducci\u00f3n, cambios en la l\u00ednea de categor\u00eda, pedidos cancelados, recompras competitivas, cambios de empaque e irregularidades \/ segundos.<\/p>\n<p>&nbsp;<\/p>\n<p>En International Liquidation, atribuimos nuestro \u00e9xito sostenido a las s\u00f3lidas relaciones desarrolladas con nuestros clientes y proveedores. Nos esforzamos por encontrar soluciones a los problemas de inventario de los fabricantes ofreciendo m\u00faltiples servicios para garantizar una transacci\u00f3n sin problemas y un canal de ventas discreto para sus productos. Estos servicios especializados y personalizados crean un enorme valor para nuestros socios proveedores y nos permiten ubicar acuerdos de marca con un valor genuino para nuestros clientes.<\/p>\n<p>Tenemos una extensa red de proveedores y clientes en los EE. UU., Canad\u00e1, M\u00e9xico y Am\u00e9rica Central con la capacidad de hacer que los grandes inventarios desaparezcan silenciosamente en el mercado.<\/p>\n<p>Si est\u00e1 comprando o vendiendo mercanc\u00eda de liquidaci\u00f3n, considere International Liquidation, Inc. como un socio confiable para satisfacer sus necesidades comerciales.<\/p>\n\n\t\t<\/div>\n\t<\/div>\n<div class=\"vc_empty_space\"   style=\"height: 42px\"><span class=\"vc_empty_space_inner\"><\/span><\/div><\/div><\/div><\/div><\/div><\/div>\n<\/div>","protected":false},"excerpt":{"rendered":"About Us Located in Austin, Texas, International Liquidation, Inc. (\u201cILI\u201d), opened its doors in 1993 and has established itself as one of the nation's largest and most respected wholesalers of opportunity buys.\u00a0 ILI specializes in buying and selling inventories that are available due to over...","protected":false},"author":1,"featured_media":0,"parent":0,"menu_order":0,"comment_status":"closed","ping_status":"closed","template":"","meta":{"_monsterinsights_skip_tracking":false,"_monsterinsights_sitenote_active":false,"_monsterinsights_sitenote_note":"","_monsterinsights_sitenote_category":0,"footnotes":""},"class_list":["post-8","page","type-page","status-publish","hentry"],"yoast_head":"<!-- This site is optimized with the Yoast SEO plugin v26.9 - https:\/\/yoast.com\/product\/yoast-seo-wordpress\/ -->\n<title>ABOUT US - International Liquidation, Inc<\/title>\n<meta name=\"robots\" content=\"index, follow, max-snippet:-1, max-image-preview:large, max-video-preview:-1\" \/>\n<link rel=\"canonical\" href=\"https:\/\/intliquidation.com\/es\/about-us\/\" \/>\n<meta property=\"og:locale\" content=\"es_MX\" \/>\n<meta property=\"og:type\" content=\"article\" \/>\n<meta property=\"og:title\" content=\"ABOUT US - International Liquidation, Inc\" \/>\n<meta property=\"og:url\" content=\"https:\/\/intliquidation.com\/es\/about-us\/\" \/>\n<meta property=\"og:site_name\" content=\"International Liquidation, Inc\" \/>\n<meta property=\"article:modified_time\" content=\"2020-07-27T14:35:39+00:00\" \/>\n<meta name=\"twitter:card\" content=\"summary_large_image\" \/>\n<meta name=\"twitter:label1\" content=\"Tiempo de lectura\" \/>\n\t<meta name=\"twitter:data1\" content=\"1 minuto\" \/>\n<script type=\"application\/ld+json\" class=\"yoast-schema-graph\">{\"@context\":\"https:\/\/schema.org\",\"@graph\":[{\"@type\":\"WebPage\",\"@id\":\"https:\/\/intliquidation.com\/about-us\/\",\"url\":\"https:\/\/intliquidation.com\/about-us\/\",\"name\":\"ABOUT US - International Liquidation, Inc\",\"isPartOf\":{\"@id\":\"https:\/\/intliquidation.com\/#website\"},\"datePublished\":\"2017-06-17T06:40:06+00:00\",\"dateModified\":\"2020-07-27T14:35:39+00:00\",\"breadcrumb\":{\"@id\":\"https:\/\/intliquidation.com\/about-us\/#breadcrumb\"},\"inLanguage\":\"es\",\"potentialAction\":[{\"@type\":\"ReadAction\",\"target\":[\"https:\/\/intliquidation.com\/about-us\/\"]}]},{\"@type\":\"BreadcrumbList\",\"@id\":\"https:\/\/intliquidation.com\/about-us\/#breadcrumb\",\"itemListElement\":[{\"@type\":\"ListItem\",\"position\":1,\"name\":\"Home\",\"item\":\"https:\/\/intliquidation.com\/\"},{\"@type\":\"ListItem\",\"position\":2,\"name\":\"ABOUT US\"}]},{\"@type\":\"WebSite\",\"@id\":\"https:\/\/intliquidation.com\/#website\",\"url\":\"https:\/\/intliquidation.com\/\",\"name\":\"International Liquidation, Inc\",\"description\":\"Top Distributor of Name Brand Closeouts Buys for 25 Years\",\"potentialAction\":[{\"@type\":\"SearchAction\",\"target\":{\"@type\":\"EntryPoint\",\"urlTemplate\":\"https:\/\/intliquidation.com\/?s={search_term_string}\"},\"query-input\":{\"@type\":\"PropertyValueSpecification\",\"valueRequired\":true,\"valueName\":\"search_term_string\"}}],\"inLanguage\":\"es\"}]}<\/script>\n<!-- \/ Yoast SEO plugin. -->","yoast_head_json":{"title":"ABOUT US - International Liquidation, Inc","robots":{"index":"index","follow":"follow","max-snippet":"max-snippet:-1","max-image-preview":"max-image-preview:large","max-video-preview":"max-video-preview:-1"},"canonical":"https:\/\/intliquidation.com\/es\/about-us\/","og_locale":"es_MX","og_type":"article","og_title":"ABOUT US - International Liquidation, Inc","og_url":"https:\/\/intliquidation.com\/es\/about-us\/","og_site_name":"International Liquidation, Inc","article_modified_time":"2020-07-27T14:35:39+00:00","twitter_card":"summary_large_image","twitter_misc":{"Tiempo de lectura":"1 minuto"},"schema":{"@context":"https:\/\/schema.org","@graph":[{"@type":"WebPage","@id":"https:\/\/intliquidation.com\/about-us\/","url":"https:\/\/intliquidation.com\/about-us\/","name":"ABOUT US - International Liquidation, Inc","isPartOf":{"@id":"https:\/\/intliquidation.com\/#website"},"datePublished":"2017-06-17T06:40:06+00:00","dateModified":"2020-07-27T14:35:39+00:00","breadcrumb":{"@id":"https:\/\/intliquidation.com\/about-us\/#breadcrumb"},"inLanguage":"es","potentialAction":[{"@type":"ReadAction","target":["https:\/\/intliquidation.com\/about-us\/"]}]},{"@type":"BreadcrumbList","@id":"https:\/\/intliquidation.com\/about-us\/#breadcrumb","itemListElement":[{"@type":"ListItem","position":1,"name":"Home","item":"https:\/\/intliquidation.com\/"},{"@type":"ListItem","position":2,"name":"ABOUT US"}]},{"@type":"WebSite","@id":"https:\/\/intliquidation.com\/#website","url":"https:\/\/intliquidation.com\/","name":"International Liquidation, Inc","description":"Top Distributor of Name Brand Closeouts Buys for 25 Years","potentialAction":[{"@type":"SearchAction","target":{"@type":"EntryPoint","urlTemplate":"https:\/\/intliquidation.com\/?s={search_term_string}"},"query-input":{"@type":"PropertyValueSpecification","valueRequired":true,"valueName":"search_term_string"}}],"inLanguage":"es"}]}},"_links":{"self":[{"href":"https:\/\/intliquidation.com\/es\/wp-json\/wp\/v2\/pages\/8","targetHints":{"allow":["GET"]}}],"collection":[{"href":"https:\/\/intliquidation.com\/es\/wp-json\/wp\/v2\/pages"}],"about":[{"href":"https:\/\/intliquidation.com\/es\/wp-json\/wp\/v2\/types\/page"}],"author":[{"embeddable":true,"href":"https:\/\/intliquidation.com\/es\/wp-json\/wp\/v2\/users\/1"}],"replies":[{"embeddable":true,"href":"https:\/\/intliquidation.com\/es\/wp-json\/wp\/v2\/comments?post=8"}],"version-history":[{"count":7,"href":"https:\/\/intliquidation.com\/es\/wp-json\/wp\/v2\/pages\/8\/revisions"}],"predecessor-version":[{"id":9471,"href":"https:\/\/intliquidation.com\/es\/wp-json\/wp\/v2\/pages\/8\/revisions\/9471"}],"wp:attachment":[{"href":"https:\/\/intliquidation.com\/es\/wp-json\/wp\/v2\/media?parent=8"}],"curies":[{"name":"wp","href":"https:\/\/api.w.org\/{rel}","templated":true}]}}