{"id":16,"date":"2017-06-17T06:42:30","date_gmt":"2017-06-17T06:42:30","guid":{"rendered":"http:\/\/atxclients.com\/internationalliq\/?page_id=16"},"modified":"2022-07-17T14:21:55","modified_gmt":"2022-07-17T14:21:55","slug":"shipping-policy","status":"publish","type":"page","link":"https:\/\/intliquidation.com\/es\/shipping-policy\/","title":{"rendered":"Politica de Envios"},"content":{"rendered":"<div class=\"wpb-content-wrapper\"><div data-mkdf-parallax-speed=\"1\" class=\"vc_row wpb_row vc_row-fluid mkdf-section mkdf-content-aligment-left\" style=\"\"><div class=\"clearfix mkdf-full-section-inner\"><div class=\"wpb_column vc_column_container vc_col-sm-12\"><div class=\"vc_column-inner\"><div class=\"wpb_wrapper\">\n\t<div class=\"wpb_text_column wpb_content_element\" >\n\t\t<div class=\"wpb_wrapper\">\n\t\t\t<p><strong>Nuestro Equipo de Log\u00edstica<\/strong><br \/>\nNuestro gerente de log\u00edstica, Nick Leon, coordinar\u00e1 el env\u00edo al puerto m\u00e1s cercano de EE. UU. Y lo ayudar\u00e1 con formularios personalizados<\/p>\n<p><strong>Reclamaciones de Flete<\/strong><br \/>\nPara garantizar que presente un reclamo ante la parte correspondiente, nuestra pol\u00edtica en International Liquidation, Inc. es que, si se env\u00eda un env\u00edo con flete por cobrar, el consignatario (cliente) es responsable de presentar el reclamo de flete. Los reclamos de flete no pueden deducirse de la factura.<\/p>\n<p><strong>Escaseces y Da\u00f1os de Productos<u><br \/>\n<\/u><\/strong>Una reclamaci\u00f3n por escasez de productos y da\u00f1os debe presentarse dentro de los 15 d\u00edas posteriores a la recepci\u00f3n de los bienes. El reclamo puede ser enviado por correo electr\u00f3nico, fax o tel\u00e9fono.<\/p>\n<p>Estaremos encantados de discutir el problema con usted y encontrar una soluci\u00f3n al problema.<\/p>\n<p><strong>Mercanc\u00eda Defectuosa<u><br \/>\n<\/u><\/strong>Como es nuestra pol\u00edtica respaldar nuestra mercanc\u00eda, todas las reclamaciones por mercanc\u00edas defectuosas deben presentarse dentro de los 30 d\u00edas posteriores a la recepci\u00f3n de las mercanc\u00edas. Luego emitiremos una autorizaci\u00f3n de devoluci\u00f3n u otro consejo por escrito para procesar el reclamo. Una copia de la autorizaci\u00f3n de devoluci\u00f3n debe acompa\u00f1ar a la mercanc\u00eda devuelta o ser\u00e1 rechazada y devuelta al cliente a su cargo.<\/p>\n<p>Se emitir\u00e1 un cr\u00e9dito a su cuenta despu\u00e9s de que la mercanc\u00eda haya sido recibida en nuestro almac\u00e9n o cuando ambas partes hayan acordado otros arreglos.<\/p>\n<p>Podremos procesar sus reclamos de manera m\u00e1s oportuna si se siguen estos procedimientos.<\/p>\n\n\t\t<\/div>\n\t<\/div>\n\n\t<div class=\"wpb_text_column wpb_content_element\" >\n\t\t<div class=\"wpb_wrapper\">\n\t\t\t<p style=\"text-align: center;\"><strong>International Liquidation, Inc.<\/strong><br \/>\n<strong>Log\u00edstica<\/strong><br \/>\nPO Box 92005<br \/>\nAustin, TX\u00a0 78709-2005<\/p>\n<p style=\"text-align: center;\">Fax:\u00a0 512-990-1754<\/p>\n<p style=\"text-align: center;\">E-mail:\u00a0 <a href=\"mailto:information@intliquidation.com\">Correo Electr\u00f3nico: information@intliquidation.com<\/a><\/p>\n\n\t\t<\/div>\n\t<\/div>\n<\/div><\/div><\/div><\/div><\/div>\n<\/div>","protected":false},"excerpt":{"rendered":"Our Logistics Team Our\u00a0 logistics managers will coordinate all shipments making it easy for you as we work with hundreds of vendor partners. It is important that your receiving department verify the carton count on the shipment with the Bill of Lading.\u00a0 Any shortages or...","protected":false},"author":1,"featured_media":0,"parent":0,"menu_order":0,"comment_status":"closed","ping_status":"closed","template":"","meta":{"_monsterinsights_skip_tracking":false,"_monsterinsights_sitenote_active":false,"_monsterinsights_sitenote_note":"","_monsterinsights_sitenote_category":0,"footnotes":""},"class_list":["post-16","page","type-page","status-publish","hentry"],"yoast_head":"<!-- This site is optimized with the Yoast SEO plugin v26.9 - https:\/\/yoast.com\/product\/yoast-seo-wordpress\/ -->\n<title>SHIPPING POLICY - International Liquidation, Inc<\/title>\n<meta name=\"robots\" content=\"index, follow, max-snippet:-1, max-image-preview:large, max-video-preview:-1\" \/>\n<link rel=\"canonical\" href=\"https:\/\/intliquidation.com\/es\/shipping-policy\/\" \/>\n<meta property=\"og:locale\" content=\"es_MX\" \/>\n<meta property=\"og:type\" content=\"article\" \/>\n<meta property=\"og:title\" content=\"SHIPPING POLICY - International Liquidation, Inc\" \/>\n<meta property=\"og:url\" content=\"https:\/\/intliquidation.com\/es\/shipping-policy\/\" \/>\n<meta property=\"og:site_name\" content=\"International Liquidation, Inc\" \/>\n<meta property=\"article:modified_time\" content=\"2022-07-17T14:21:55+00:00\" \/>\n<meta name=\"twitter:card\" content=\"summary_large_image\" \/>\n<meta name=\"twitter:label1\" content=\"Tiempo de lectura\" \/>\n\t<meta name=\"twitter:data1\" content=\"2 minutos\" \/>\n<script type=\"application\/ld+json\" class=\"yoast-schema-graph\">{\"@context\":\"https:\/\/schema.org\",\"@graph\":[{\"@type\":\"WebPage\",\"@id\":\"https:\/\/intliquidation.com\/shipping-policy\/\",\"url\":\"https:\/\/intliquidation.com\/shipping-policy\/\",\"name\":\"SHIPPING POLICY - International Liquidation, Inc\",\"isPartOf\":{\"@id\":\"https:\/\/intliquidation.com\/#website\"},\"datePublished\":\"2017-06-17T06:42:30+00:00\",\"dateModified\":\"2022-07-17T14:21:55+00:00\",\"breadcrumb\":{\"@id\":\"https:\/\/intliquidation.com\/shipping-policy\/#breadcrumb\"},\"inLanguage\":\"es\",\"potentialAction\":[{\"@type\":\"ReadAction\",\"target\":[\"https:\/\/intliquidation.com\/shipping-policy\/\"]}]},{\"@type\":\"BreadcrumbList\",\"@id\":\"https:\/\/intliquidation.com\/shipping-policy\/#breadcrumb\",\"itemListElement\":[{\"@type\":\"ListItem\",\"position\":1,\"name\":\"Home\",\"item\":\"https:\/\/intliquidation.com\/\"},{\"@type\":\"ListItem\",\"position\":2,\"name\":\"SHIPPING POLICY\"}]},{\"@type\":\"WebSite\",\"@id\":\"https:\/\/intliquidation.com\/#website\",\"url\":\"https:\/\/intliquidation.com\/\",\"name\":\"International Liquidation, Inc\",\"description\":\"Top Distributor of Name Brand Closeouts Buys for 25 Years\",\"potentialAction\":[{\"@type\":\"SearchAction\",\"target\":{\"@type\":\"EntryPoint\",\"urlTemplate\":\"https:\/\/intliquidation.com\/?s={search_term_string}\"},\"query-input\":{\"@type\":\"PropertyValueSpecification\",\"valueRequired\":true,\"valueName\":\"search_term_string\"}}],\"inLanguage\":\"es\"}]}<\/script>\n<!-- \/ Yoast SEO plugin. -->","yoast_head_json":{"title":"SHIPPING POLICY - International Liquidation, Inc","robots":{"index":"index","follow":"follow","max-snippet":"max-snippet:-1","max-image-preview":"max-image-preview:large","max-video-preview":"max-video-preview:-1"},"canonical":"https:\/\/intliquidation.com\/es\/shipping-policy\/","og_locale":"es_MX","og_type":"article","og_title":"SHIPPING POLICY - International Liquidation, Inc","og_url":"https:\/\/intliquidation.com\/es\/shipping-policy\/","og_site_name":"International Liquidation, Inc","article_modified_time":"2022-07-17T14:21:55+00:00","twitter_card":"summary_large_image","twitter_misc":{"Tiempo de lectura":"2 minutos"},"schema":{"@context":"https:\/\/schema.org","@graph":[{"@type":"WebPage","@id":"https:\/\/intliquidation.com\/shipping-policy\/","url":"https:\/\/intliquidation.com\/shipping-policy\/","name":"SHIPPING POLICY - International Liquidation, Inc","isPartOf":{"@id":"https:\/\/intliquidation.com\/#website"},"datePublished":"2017-06-17T06:42:30+00:00","dateModified":"2022-07-17T14:21:55+00:00","breadcrumb":{"@id":"https:\/\/intliquidation.com\/shipping-policy\/#breadcrumb"},"inLanguage":"es","potentialAction":[{"@type":"ReadAction","target":["https:\/\/intliquidation.com\/shipping-policy\/"]}]},{"@type":"BreadcrumbList","@id":"https:\/\/intliquidation.com\/shipping-policy\/#breadcrumb","itemListElement":[{"@type":"ListItem","position":1,"name":"Home","item":"https:\/\/intliquidation.com\/"},{"@type":"ListItem","position":2,"name":"SHIPPING POLICY"}]},{"@type":"WebSite","@id":"https:\/\/intliquidation.com\/#website","url":"https:\/\/intliquidation.com\/","name":"International Liquidation, Inc","description":"Top Distributor of Name Brand Closeouts Buys for 25 Years","potentialAction":[{"@type":"SearchAction","target":{"@type":"EntryPoint","urlTemplate":"https:\/\/intliquidation.com\/?s={search_term_string}"},"query-input":{"@type":"PropertyValueSpecification","valueRequired":true,"valueName":"search_term_string"}}],"inLanguage":"es"}]}},"_links":{"self":[{"href":"https:\/\/intliquidation.com\/es\/wp-json\/wp\/v2\/pages\/16","targetHints":{"allow":["GET"]}}],"collection":[{"href":"https:\/\/intliquidation.com\/es\/wp-json\/wp\/v2\/pages"}],"about":[{"href":"https:\/\/intliquidation.com\/es\/wp-json\/wp\/v2\/types\/page"}],"author":[{"embeddable":true,"href":"https:\/\/intliquidation.com\/es\/wp-json\/wp\/v2\/users\/1"}],"replies":[{"embeddable":true,"href":"https:\/\/intliquidation.com\/es\/wp-json\/wp\/v2\/comments?post=16"}],"version-history":[{"count":11,"href":"https:\/\/intliquidation.com\/es\/wp-json\/wp\/v2\/pages\/16\/revisions"}],"predecessor-version":[{"id":9635,"href":"https:\/\/intliquidation.com\/es\/wp-json\/wp\/v2\/pages\/16\/revisions\/9635"}],"wp:attachment":[{"href":"https:\/\/intliquidation.com\/es\/wp-json\/wp\/v2\/media?parent=16"}],"curies":[{"name":"wp","href":"https:\/\/api.w.org\/{rel}","templated":true}]}}