{"id":14,"date":"2017-06-17T06:42:05","date_gmt":"2017-06-17T06:42:05","guid":{"rendered":"http:\/\/atxclients.com\/internationalliq\/?page_id=14"},"modified":"2022-07-17T12:26:07","modified_gmt":"2022-07-17T12:26:07","slug":"sell-to-us","status":"publish","type":"page","link":"https:\/\/intliquidation.com\/es\/sell-to-us\/","title":{"rendered":"Compra de Productos"},"content":{"rendered":"<div class=\"wpb-content-wrapper\"><h3><div data-mkdf-parallax-speed=\"1\" class=\"vc_row wpb_row vc_row-fluid mkdf-section sell-to-us-sec mkdf-content-aligment-center\" style=\"\"><div class=\"clearfix mkdf-full-section-inner\"><div class=\"heading-center wpb_column vc_column_container vc_col-sm-12\"><div class=\"vc_column-inner\"><div class=\"wpb_wrapper\"><div class=\"mkdf-section-title-holder\">\n\t<h2 class=\"mkdf-section-title\" >VENDENOS TUS PRODUCTOS DE LIQUIDACION<\/h2>\n<\/div><div class=\"mkdf-separator-holder clearfix  mkdf-separator-center\">\n\t<div class=\"mkdf-separator\" style=\"border-color: #eb0c0f;border-style: solid;width: 56px;border-bottom-width: 2px;margin-top: 10px;margin-bottom: 20px\"><\/div>\n<\/div>\n\n\t<div class=\"wpb_text_column wpb_content_element vc_custom_1596032475557 align-left\" >\n\t\t<div class=\"wpb_wrapper\">\n\t\t\t<p><strong>International Liquidation, Inc. compra inventarios de todo tipo y cantidad, en m\u00faltiples sectores de la industria y ofrecemos un gran valor a trav\u00e9s de:<\/strong><\/h3>\n<ul>\n<li><a href=\"http:\/\/intliquidation.com\/wp-content\/uploads\/2020\/07\/ILI-BuyBack-Program-2020.pdf\"><strong>Programa BuyBack<\/strong>:<\/a>\u00a0 coordinaci\u00f3n de extremo a extremo de sus oportunidades de BuyBack para que sea m\u00e1s f\u00e1cil para su compa\u00f1\u00eda<\/li>\n<li><strong>Excess and Obsolete Products<\/strong>: An\u00e1lisis r\u00e1pido y opciones de disposici\u00f3n para maximizar sus ingresos<\/li>\n<li><strong>\u00d3rdenes canceladas<\/strong>: Nuestros clientes en los EE. UU. y Canad\u00e1 son excelentes candidatos para sus pedidos cancelados<\/li>\n<li><strong>Porque Interantional Liquidation en los Estados Unidos<\/strong>:\n<ul>\n<li>Historial exitoso de transacciones oportunas y eficientes<\/li>\n<li>Ofreciendo precios de mercado justos<\/li>\n<li>Tenemos una posici\u00f3n financiera s\u00f3lida y acceso a fondos<\/li>\n<li>R\u00e1pida toma de decisiones sobre inventarios<\/li>\n<li>Sin interrupci\u00f3n de los canales normales de distribuci\u00f3n.<\/li>\n<li>Excelente coordinaci\u00f3n de todos los procedimientos log\u00edsticos<\/li>\n<\/ul>\n<\/li>\n<\/ul>\n\n\t\t<\/div>\n\t<\/div>\n<a href=\"http:\/\/intliquidation.com\/es\/closeout-submission-form\/\" target=\"_blank\" style=\"color: #ffffff;background-color: #101010;border-color: #101010;font-size: 15px;font-weight: 600;margin: 10px 0 30px 0;text-transform: uppercase\" class=\"mkdf-btn mkdf-btn-medium mkdf-btn-solid mkdf-btn-custom-hover-bg mkdf-btn-custom-border-hover mkdf-btn-custom-hover-color mkdf-btn-custom-hover-color submission-btn\" data-hover-bg-color=\"#ff0000\" data-hover-color=\"#ffffff\" data-hover-border-color=\"#ff0000\" >\n        <span class=\"mkdf-btn-text\">Formulario de Env\u00edo de Liquidaci\u00f3n<\/span>\n<\/a><div class=\"vc_empty_space\"   style=\"height: 42px\"><span class=\"vc_empty_space_inner\"><\/span><\/div><\/div><\/div><\/div><\/div><\/div><div data-mkdf-parallax-speed=\"1\" class=\"vc_row wpb_row vc_row-fluid mkdf-section mkdf-content-aligment-left\" style=\"\"><div class=\"clearfix mkdf-full-section-inner\"><\/div><\/div><div class=\"wpb_column vc_column_container vc_col-sm-12\"><div class=\"vc_column-inner\"><div class=\"wpb_wrapper\"><\/div><\/div><\/div>\n<\/div>","protected":false},"excerpt":{"rendered":"SELL TO US International Liquidation, Inc. buys inventories of all types and quantities, across multiple industry sectors and we offer tremendous value via: BuyBack Program:\u00a0 end to end coordination of your BuyBack opportunities to make it easy for you Excess and Obsolete Products:\u00a0 fast analysis...","protected":false},"author":1,"featured_media":0,"parent":0,"menu_order":0,"comment_status":"closed","ping_status":"closed","template":"","meta":{"_monsterinsights_skip_tracking":false,"_monsterinsights_sitenote_active":false,"_monsterinsights_sitenote_note":"","_monsterinsights_sitenote_category":0,"footnotes":""},"class_list":["post-14","page","type-page","status-publish","hentry"],"yoast_head":"<!-- This site is optimized with the Yoast SEO plugin v26.9 - https:\/\/yoast.com\/product\/yoast-seo-wordpress\/ -->\n<title>Sell to us - International Liquidation, Inc<\/title>\n<meta name=\"robots\" content=\"index, follow, max-snippet:-1, max-image-preview:large, max-video-preview:-1\" \/>\n<link rel=\"canonical\" href=\"https:\/\/intliquidation.com\/es\/sell-to-us\/\" \/>\n<meta property=\"og:locale\" content=\"es_MX\" \/>\n<meta property=\"og:type\" content=\"article\" \/>\n<meta property=\"og:title\" content=\"Sell to us - International Liquidation, Inc\" \/>\n<meta property=\"og:url\" content=\"https:\/\/intliquidation.com\/es\/sell-to-us\/\" \/>\n<meta property=\"og:site_name\" content=\"International Liquidation, Inc\" \/>\n<meta property=\"article:modified_time\" content=\"2022-07-17T12:26:07+00:00\" \/>\n<meta name=\"twitter:card\" content=\"summary_large_image\" \/>\n<meta name=\"twitter:label1\" content=\"Tiempo de lectura\" \/>\n\t<meta name=\"twitter:data1\" content=\"1 minuto\" \/>\n<script type=\"application\/ld+json\" class=\"yoast-schema-graph\">{\"@context\":\"https:\/\/schema.org\",\"@graph\":[{\"@type\":\"WebPage\",\"@id\":\"https:\/\/intliquidation.com\/sell-to-us\/\",\"url\":\"https:\/\/intliquidation.com\/sell-to-us\/\",\"name\":\"Sell to us - International Liquidation, Inc\",\"isPartOf\":{\"@id\":\"https:\/\/intliquidation.com\/#website\"},\"datePublished\":\"2017-06-17T06:42:05+00:00\",\"dateModified\":\"2022-07-17T12:26:07+00:00\",\"breadcrumb\":{\"@id\":\"https:\/\/intliquidation.com\/sell-to-us\/#breadcrumb\"},\"inLanguage\":\"es\",\"potentialAction\":[{\"@type\":\"ReadAction\",\"target\":[\"https:\/\/intliquidation.com\/sell-to-us\/\"]}]},{\"@type\":\"BreadcrumbList\",\"@id\":\"https:\/\/intliquidation.com\/sell-to-us\/#breadcrumb\",\"itemListElement\":[{\"@type\":\"ListItem\",\"position\":1,\"name\":\"Home\",\"item\":\"https:\/\/intliquidation.com\/\"},{\"@type\":\"ListItem\",\"position\":2,\"name\":\"Sell to us\"}]},{\"@type\":\"WebSite\",\"@id\":\"https:\/\/intliquidation.com\/#website\",\"url\":\"https:\/\/intliquidation.com\/\",\"name\":\"International Liquidation, Inc\",\"description\":\"Top Distributor of Name Brand Closeouts Buys for 25 Years\",\"potentialAction\":[{\"@type\":\"SearchAction\",\"target\":{\"@type\":\"EntryPoint\",\"urlTemplate\":\"https:\/\/intliquidation.com\/?s={search_term_string}\"},\"query-input\":{\"@type\":\"PropertyValueSpecification\",\"valueRequired\":true,\"valueName\":\"search_term_string\"}}],\"inLanguage\":\"es\"}]}<\/script>\n<!-- \/ Yoast SEO plugin. -->","yoast_head_json":{"title":"Sell to us - International Liquidation, Inc","robots":{"index":"index","follow":"follow","max-snippet":"max-snippet:-1","max-image-preview":"max-image-preview:large","max-video-preview":"max-video-preview:-1"},"canonical":"https:\/\/intliquidation.com\/es\/sell-to-us\/","og_locale":"es_MX","og_type":"article","og_title":"Sell to us - International Liquidation, Inc","og_url":"https:\/\/intliquidation.com\/es\/sell-to-us\/","og_site_name":"International Liquidation, Inc","article_modified_time":"2022-07-17T12:26:07+00:00","twitter_card":"summary_large_image","twitter_misc":{"Tiempo de lectura":"1 minuto"},"schema":{"@context":"https:\/\/schema.org","@graph":[{"@type":"WebPage","@id":"https:\/\/intliquidation.com\/sell-to-us\/","url":"https:\/\/intliquidation.com\/sell-to-us\/","name":"Sell to us - International Liquidation, Inc","isPartOf":{"@id":"https:\/\/intliquidation.com\/#website"},"datePublished":"2017-06-17T06:42:05+00:00","dateModified":"2022-07-17T12:26:07+00:00","breadcrumb":{"@id":"https:\/\/intliquidation.com\/sell-to-us\/#breadcrumb"},"inLanguage":"es","potentialAction":[{"@type":"ReadAction","target":["https:\/\/intliquidation.com\/sell-to-us\/"]}]},{"@type":"BreadcrumbList","@id":"https:\/\/intliquidation.com\/sell-to-us\/#breadcrumb","itemListElement":[{"@type":"ListItem","position":1,"name":"Home","item":"https:\/\/intliquidation.com\/"},{"@type":"ListItem","position":2,"name":"Sell to us"}]},{"@type":"WebSite","@id":"https:\/\/intliquidation.com\/#website","url":"https:\/\/intliquidation.com\/","name":"International Liquidation, Inc","description":"Top Distributor of Name Brand Closeouts Buys for 25 Years","potentialAction":[{"@type":"SearchAction","target":{"@type":"EntryPoint","urlTemplate":"https:\/\/intliquidation.com\/?s={search_term_string}"},"query-input":{"@type":"PropertyValueSpecification","valueRequired":true,"valueName":"search_term_string"}}],"inLanguage":"es"}]}},"_links":{"self":[{"href":"https:\/\/intliquidation.com\/es\/wp-json\/wp\/v2\/pages\/14","targetHints":{"allow":["GET"]}}],"collection":[{"href":"https:\/\/intliquidation.com\/es\/wp-json\/wp\/v2\/pages"}],"about":[{"href":"https:\/\/intliquidation.com\/es\/wp-json\/wp\/v2\/types\/page"}],"author":[{"embeddable":true,"href":"https:\/\/intliquidation.com\/es\/wp-json\/wp\/v2\/users\/1"}],"replies":[{"embeddable":true,"href":"https:\/\/intliquidation.com\/es\/wp-json\/wp\/v2\/comments?post=14"}],"version-history":[{"count":32,"href":"https:\/\/intliquidation.com\/es\/wp-json\/wp\/v2\/pages\/14\/revisions"}],"predecessor-version":[{"id":9632,"href":"https:\/\/intliquidation.com\/es\/wp-json\/wp\/v2\/pages\/14\/revisions\/9632"}],"wp:attachment":[{"href":"https:\/\/intliquidation.com\/es\/wp-json\/wp\/v2\/media?parent=14"}],"curies":[{"name":"wp","href":"https:\/\/api.w.org\/{rel}","templated":true}]}}